{"id":1648,"date":"2022-09-05T14:01:23","date_gmt":"2022-09-05T12:01:23","guid":{"rendered":"https:\/\/www.kristinvalverde.de\/?page_id=1648"},"modified":"2022-09-13T12:59:06","modified_gmt":"2022-09-13T10:59:06","slug":"politica-de-privacida","status":"publish","type":"page","link":"https:\/\/www.kristinvalverde.de\/es\/politica-de-privacida\/","title":{"rendered":"Pol\u00edtica de Privacidad"},"content":{"rendered":"<h2>1. La Protecci\u00f3n de Datos en un vistazo<\/h2>\n<p style=\"font-weight: 400;\"><strong>Informaci\u00f3n general<\/strong><\/p>\n<p style=\"font-weight: 400;\">La siguiente informaci\u00f3n ofrece una visi\u00f3n general de lo que ocurre con sus datos personales cuando visita este sitio web. Los datos personales son cualquier dato por el que se le pueda identificar personalmente. Para obtener informaci\u00f3n m\u00e1s detallada sobre la protecci\u00f3n de datos, consulte nuestra declaraci\u00f3n de privacidad debajo de este texto.<\/p>\n<p style=\"font-weight: 400;\"><strong>Recogida de datos en este sitio web<\/strong><\/p>\n<p style=\"font-weight: 400;\"><strong>\u00bfQui\u00e9n es el responsable de la recogida de datos en este sitio web?<\/strong><\/p>\n<p style=\"font-weight: 400;\">El tratamiento de datos en este sitio web lo realiza el operador del mismo. Puede encontrar los datos de contacto del operador del sitio web en la secci\u00f3n \u00abInformaci\u00f3n sobre la parte responsable\u00bb de esta pol\u00edtica de privacidad.<\/p>\n<p style=\"font-weight: 400;\"><strong>\u00bfC\u00f3mo recogemos sus datos?<\/strong><\/p>\n<p style=\"font-weight: 400;\">Por un lado, sus datos se recogen cuando usted nos los proporciona. Pueden ser, por ejemplo, los datos que usted introduce en un formulario de contacto. Otros datos son recogidos autom\u00e1ticamente o con su consentimiento por nuestros sistemas inform\u00e1ticos cuando usted visita el sitio web. Se trata principalmente de datos t\u00e9cnicos (por ejemplo, el navegador de Internet, el sistema operativo o la hora de visualizaci\u00f3n de la p\u00e1gina). Estos datos se recogen autom\u00e1ticamente en cuanto usted entra en este sitio web.<\/p>\n<p style=\"font-weight: 400;\"><strong>\u00bfPara qu\u00e9 utilizamos sus datos?<\/strong><\/p>\n<p style=\"font-weight: 400;\">Algunos de los datos se recopilan para garantizar el suministro sin errores del sitio web. Otros datos pueden utilizarse para analizar su comportamiento como usuario.<\/p>\n<p style=\"font-weight: 400;\"><strong>\u00bfQu\u00e9 derechos tiene usted sobre sus datos?<\/strong><\/p>\n<p style=\"font-weight: 400;\">Tiene derecho a recibir en cualquier momento informaci\u00f3n gratuita sobre el origen, el destinatario y la finalidad de sus datos personales almacenados. Tambi\u00e9n tiene derecho a solicitar la correcci\u00f3n o supresi\u00f3n de estos datos. Si ha dado su consentimiento al tratamiento de datos, puede revocarlo en cualquier momento para el futuro. Tambi\u00e9n tiene derecho a solicitar la limitaci\u00f3n del tratamiento de sus datos personales en determinadas circunstancias. Adem\u00e1s, tiene derecho a presentar una reclamaci\u00f3n ante la autoridad de control competente.<\/p>\n<p style=\"font-weight: 400;\">Puede ponerse en contacto con nosotros en cualquier momento en relaci\u00f3n con esta y otras cuestiones sobre el tema de la protecci\u00f3n de datos.<\/p>\n<h2>2. Alojamiento<\/h2>\n<p style=\"font-weight: 400;\"><strong>Hetzner<\/strong><\/p>\n<p style=\"font-weight: 400;\">Alojamos nuestro sitio web con Hetzner. El proveedor es Hetzner Online GmbH, Industriestr. 25, 91710 Gunzenhausen (en adelante, Hetzner).<\/p>\n<p style=\"font-weight: 400;\">Para m\u00e1s detalles, consulte la pol\u00edtica de privacidad de Hetzner:<\/p>\n<p style=\"font-weight: 400;\">https:\/\/www.hetzner.com\/de\/rechtliches\/datenschutz.<\/p>\n<p style=\"font-weight: 400;\">El uso de Hetzner se basa en el Art. 6 p\u00e1rrafo 1 lit. f DSGVO. Tenemos un inter\u00e9s leg\u00edtimo en garantizar que nuestro sitio web se presente de la forma m\u00e1s fiable posible. Si se ha solicitado el correspondiente consentimiento, el tratamiento se lleva a cabo exclusivamente sobre la base del Art. 6 P\u00e1rr. 1 lit. a DSGVO y del Art. 25 P\u00e1rr. 1 TTDSG, en la medida en que el consentimiento incluya el almacenamiento de cookies o el acceso a informaci\u00f3n en el dispositivo terminal del usuario (por ejemplo, la huella dactilar del dispositivo) seg\u00fan la definici\u00f3n de la TTDSG. El consentimiento puede ser revocado en cualquier momento.<\/p>\n<p style=\"font-weight: 400;\"><strong>Procesamiento de pedidos<\/strong><\/p>\n<p style=\"font-weight: 400;\">Hemos celebrado un contrato de tramitaci\u00f3n de pedidos (AVV) con el proveedor mencionado. Se trata de un contrato exigido por la ley de protecci\u00f3n de datos, que garantiza que el proveedor solo procesa los datos personales de los visitantes de nuestro sitio web de acuerdo con nuestras instrucciones y en cumplimiento del GDPR.<\/p>\n<h2 style=\"font-weight: 400;\"><strong>3. Notas generales e informaci\u00f3n obligatoria<\/strong><\/h2>\n<p style=\"font-weight: 400;\"><strong>Protecci\u00f3n de datos<\/strong><\/p>\n<p style=\"font-weight: 400;\">Los operadores de estas p\u00e1ginas se toman muy en serio la protecci\u00f3n de sus datos personales. Tratamos sus datos personales de forma confidencial y de acuerdo con las normas legales de protecci\u00f3n de datos y esta declaraci\u00f3n de protecci\u00f3n de datos. Cuando usted utiliza este sitio web, se recogen varios datos personales. Los datos personales son aquellos por los que se le puede identificar personalmente. Esta pol\u00edtica de privacidad explica qu\u00e9 informaci\u00f3n recogemos y c\u00f3mo la utilizamos. Tambi\u00e9n explica c\u00f3mo y para qu\u00e9 se hace. Nos gustar\u00eda se\u00f1alar que la transmisi\u00f3n de datos en Internet (por ejemplo, cuando se comunica por correo electr\u00f3nico) puede presentar lagunas de seguridad. No es posible una protecci\u00f3n completa de los datos contra el acceso de terceros.<\/p>\n<p style=\"font-weight: 400;\"><strong>Nota sobre la oficina responsable<\/strong><\/p>\n<p style=\"font-weight: 400;\">El responsable del tratamiento de datos en este sitio web es:<\/p>\n<p style=\"font-weight: 400;\">Kristin Valverde Dominguez<\/p>\n<p style=\"font-weight: 400;\">Augustusplatz 9<\/p>\n<p style=\"font-weight: 400;\">04109 Leipzig<\/p>\n<p style=\"font-weight: 400;\">Tel\u00e9fono: 01626986298<\/p>\n<p style=\"font-weight: 400;\">Correo electr\u00f3nico: info@kristinvalverde.de<\/p>\n<p style=\"font-weight: 400;\">El responsable del tratamiento es la persona f\u00edsica o jur\u00eddica que, sola o conjuntamente con otras, determina los fines y los medios del tratamiento de los datos personales (por ejemplo, nombres, direcciones de correo electr\u00f3nico, etc.).<\/p>\n<p style=\"font-weight: 400;\"><strong>Per\u00edodo de almacenamiento<\/strong><\/p>\n<p style=\"font-weight: 400;\">A menos que se haya especificado un per\u00edodo de almacenamiento m\u00e1s espec\u00edfico dentro de esta pol\u00edtica de privacidad, sus datos personales permanecer\u00e1n con nosotros hasta que la finalidad del tratamiento de los datos deje de ser aplicable. Si usted hace valer una solicitud leg\u00edtima de supresi\u00f3n o revoca su consentimiento para el tratamiento de datos, sus datos se eliminar\u00e1n, a menos que tengamos otros motivos legalmente admisibles para almacenar sus datos personales (por ejemplo, per\u00edodos de conservaci\u00f3n en virtud de la legislaci\u00f3n fiscal o comercial); en este \u00faltimo caso, los datos se eliminar\u00e1n una vez que estos motivos dejen de ser aplicables.<\/p>\n<p style=\"font-weight: 400;\"><strong>Informaci\u00f3n general sobre la base legal para el tratamiento de datos en esta p<\/strong><strong>\u00e1gina web<\/strong><\/p>\n<p style=\"font-weight: 400;\">Si ha dado su consentimiento para el tratamiento de datos, procesamos sus datos personales sobre la base del art. 6, apartado 1, letra a del DSGVO o del art. 9, apartado 2, letra a del DSGVO si se procesan categor\u00edas especiales de datos de acuerdo con el art. 9, apartado 1 del DSGVO. En caso de consentimiento expreso para la transferencia de datos personales a terceros pa\u00edses, el tratamiento de datos tambi\u00e9n se lleva a cabo sobre la base del art. 49 (1) a DSGVO. Si usted ha dado su consentimiento para el almacenamiento de cookies o para el acceso a la informaci\u00f3n en su dispositivo terminal (por ejemplo, a trav\u00e9s de la huella digital del dispositivo), el procesamiento de datos se lleva a cabo adicionalmente sobre la base de la Secci\u00f3n 25 (1) TTDSG. Este consentimiento puede ser revocado en cualquier momento. Si sus datos son necesarios para la ejecuci\u00f3n de un contrato o para la aplicaci\u00f3n de medidas precontractuales, tratamos sus datos sobre la base del art. 6, apartado 1, letra b del DSGVO.<\/p>\n<p style=\"font-weight: 400;\">Adem\u00e1s, si sus datos son necesarios para el cumplimiento de una obligaci\u00f3n legal, los procesamos sobre la base del art. 6, apartado 1, letra c del DSGVO. Adem\u00e1s, el tratamiento de datos puede llevarse a cabo sobre la base de nuestro inter\u00e9s leg\u00edtimo, de conformidad con el art\u00edculo 6, apartado 1, letra f de la DSGVO. En los siguientes p\u00e1rrafos de esta declaraci\u00f3n de protecci\u00f3n de datos se ofrece informaci\u00f3n sobre la base jur\u00eddica pertinente en cada caso concreto.<\/p>\n<p style=\"font-weight: 400;\"><strong>Revocaci\u00f3n de su consentimiento para el tratamiento de datos<\/strong><\/p>\n<p style=\"font-weight: 400;\">Muchas operaciones de tratamiento de datos s\u00f3lo son posibles con su consentimiento expreso.<\/p>\n<p style=\"font-weight: 400;\">Usted puede revocar el consentimiento que ya ha dado en cualquier momento. La legalidad del tratamiento de datos realizado hasta la revocaci\u00f3n no se ve afectada por \u00e9sta.<\/p>\n<p style=\"font-weight: 400;\"><strong>Derecho de oposici\u00f3n a la recogida de datos en casos especiales y a la\u00a0<\/strong><strong>publicidad directa (Art. 21 DSGVO)<\/strong><\/p>\n<p style=\"font-weight: 400;\">SI EL TRATAMIENTO DE DATOS SE REALIZA SOBRE LA BASE DEL ART. 6 ABS. 1 LIT. E O F DSGVO, TIENE DERECHO A OPONERSE AL TRATAMIENTO DE SUS DATOS PERSONALES EN CUALQUIER MOMENTO POR MOTIVOS DERIVADOS DE SU SITUACI\u00d3N PARTICULAR; ESTO TAMBI\u00c9N SE APLICA A UN<\/p>\n<p style=\"font-weight: 400;\">PERFILADO. LA BASE LEGAL RESPECTIVA EN LA QUE SE BASA EL PROCESAMIENTO SE PUEDE ENCONTRAR EN ESTA DECLARACI\u00d3N DE PROTECCI\u00d3N DE DATOS. SI SE OPONE, DEJAREMOS DE TRATAR SUS DATOS PERSONALES EN CUESTI\u00d3N, A MENOS QUE PODAMOS DEMOSTRAR QUE EXISTEN MOTIVOS LEG\u00cdTIMOS IMPERIOSOS PARA EL TRATAMIENTO QUE PREVALEZCAN SOBRE SUS INTERESES, DERECHOS Y LIBERTADES, O QUE EL TRATAMIENTO SE REALICE CON EL FIN DE HACER VALER, EJERCER O DEFENDER RECLAMACIONES LEGALES (OBJECI\u00d3N EN VIRTUD DEL ART\u00cdCULO 21, APARTADO 1, DE LA DSGVO). SI SUS DATOS PERSONALES SE PROCESAN CON FINES DE MARKETING DIRECTO, USTED TIENE DERECHO A OPONERSE EN CUALQUIER MOMENTO AL TRATAMIENTO DE LOS DATOS PERSONALES QUE LE CONCIERNEN CON FINES DE DICHO MARKETING; ESTO TAMBI\u00c9N SE APLICA A LA ELABORACI\u00d3N DE PERFILES EN LA MEDIDA EN QUE EST\u00c9 RELACIONADA CON DICHO MARKETING DIRECTO. SI SE OPONE, SUS DATOS PERSONALES DEJAR\u00c1N DE UTILIZARSE PARA FINES DE MARKETING DIRECTO (OBJECI\u00d3N DE CONFORMIDAD CON EL ART\u00cdCULO 21 (2) DE LA LEY ALEMANA DE PROTECCI\u00d3N DE DATOS).<\/p>\n<p style=\"font-weight: 400;\"><strong>Derecho de recurso ante la autoridad de control competente<\/strong><\/p>\n<p style=\"font-weight: 400;\">En caso de infracci\u00f3n del RGPD, los interesados tienen derecho a recurrir a una autoridad de control, en particular en el Estado miembro de su residencia habitual, su lugar de trabajo o el lugar de la presunta infracci\u00f3n. El derecho de recurso se entiende sin perjuicio de cualquier otro recurso administrativo o judicial.<\/p>\n<p style=\"font-weight: 400;\"><strong>Derecho a la portabilidad de los datos<\/strong><\/p>\n<p style=\"font-weight: 400;\">Tiene derecho a que los datos que tratamos autom\u00e1ticamente sobre la base de su consentimiento o en ejecuci\u00f3n de un contrato le sean entregados a usted o a un tercero en un formato com\u00fan y legible por m\u00e1quina. Si solicita la transferencia directa de los datos a otro responsable, s\u00f3lo se har\u00e1 en la medida en que sea t\u00e9cnicamente posible.<\/p>\n<p style=\"font-weight: 400;\"><strong>Informaci\u00f3n, supresi\u00f3n y correcci\u00f3n<\/strong><\/p>\n<p style=\"font-weight: 400;\">En el marco de las disposiciones legales aplicables, usted tiene derecho a recibir en cualquier momento informaci\u00f3n gratuita sobre sus datos personales almacenados, su origen y destinatario y la finalidad del tratamiento de datos y, en su caso, un derecho de rectificaci\u00f3n o supresi\u00f3n de estos datos. Puede ponerse en contacto con nosotros en cualquier momento con respecto a esta y otras cuestiones que pueda tener sobre el tema de los datos personales.<\/p>\n<p style=\"font-weight: 400;\"><strong>Derecho a la limitaci\u00f3n del tratamiento<\/strong><\/p>\n<p style=\"font-weight: 400;\">Tiene derecho a solicitar la limitaci\u00f3n del tratamiento de sus datos personales. Para ello, puede ponerse en contacto con nosotros en cualquier momento. El derecho a la restricci\u00f3n del tratamiento existe en los siguientes casos:<\/p>\n<p style=\"font-weight: 400;\">&#8211; Si usted cuestiona la exactitud de sus datos personales almacenados por nosotros, normalmente necesitamos tiempo para comprobarlo. Mientras dure la verificaci\u00f3n, tiene derecho a solicitar la restricci\u00f3n del tratamiento de sus datos personales.<\/p>\n<p style=\"font-weight: 400;\">&#8211; Si el tratamiento de sus datos personales se ha producido o se est\u00e1 produciendo de forma ilegal, puede solicitar la limitaci\u00f3n del tratamiento de los datos en lugar de su supresi\u00f3n.<\/p>\n<p style=\"font-weight: 400;\">&#8211; Si ya no necesitamos sus datos personales, pero usted los necesita para ejercer, defender o hacer valer reclamaciones legales, tiene derecho a solicitar la restricci\u00f3n del tratamiento de sus datos personales en lugar de su eliminaci\u00f3n.<\/p>\n<p style=\"font-weight: 400;\">&#8211; Si ha presentado una objeci\u00f3n de conformidad con el art\u00edculo 21 (1) de la DSGVO, se debe llevar a cabo una ponderaci\u00f3n de sus intereses y los nuestros. Mientras no se determine qu\u00e9 intereses prevalecen, usted tiene derecho a exigir la restricci\u00f3n del tratamiento de sus datos personales.<\/p>\n<p style=\"font-weight: 400;\">Si usted ha restringido el tratamiento de sus datos personales, estos datos -adem\u00e1s de ser almacenados- s\u00f3lo podr\u00e1n ser tratados con su consentimiento o para la formulaci\u00f3n, el ejercicio o la defensa de reclamaciones legales o para la protecci\u00f3n de los derechos de otra persona f\u00edsica o jur\u00eddica o por razones de un inter\u00e9s p\u00fablico importante de la Uni\u00f3n Europea o de un Estado miembro.<\/p>\n<p style=\"font-weight: 400;\"><strong>Cifrado SSL o TLS<\/strong><\/p>\n<p style=\"font-weight: 400;\">Por razones de seguridad y para proteger la transmisi\u00f3n de contenido confidencial, como los pedidos o las consultas que usted nos env\u00eda como operador del sitio, este sitio utiliza el cifrado SSL o TLS. Puedes reconocer una conexi\u00f3n encriptada por el hecho de que la l\u00ednea de direcci\u00f3n del navegador cambia de \u00abhttp:\/\/\u00bb a \u00abhttps:\/\/\u00bb y por el s\u00edmbolo del candado en la l\u00ednea del navegador. Si el cifrado SSL o TLS est\u00e1 activado, los datos que nos transmita no podr\u00e1n ser le\u00eddos por terceros.<\/p>\n<h2 style=\"font-weight: 400;\"><strong>4. Recogida de datos en este sitio web<\/strong><\/h2>\n<p style=\"font-weight: 400;\"><strong>Cookies<\/strong><\/p>\n<p style=\"font-weight: 400;\">Nuestro sitio web utiliza las llamadas \u00abcookies\u00bb. Las cookies son peque\u00f1os archivos de texto y no causan ning\u00fan da\u00f1o a su dispositivo terminal. Se almacenan temporalmente durante la duraci\u00f3n de una sesi\u00f3n (cookies de sesi\u00f3n) o permanentemente (cookies permanentes) en su dispositivo final. Las cookies de sesi\u00f3n se eliminan autom\u00e1ticamente al final de su visita. Las cookies permanentes permanecen almacenadas en su dispositivo final hasta que usted mismo las elimina o hasta que su navegador web las borra autom\u00e1ticamente.<\/p>\n<p style=\"font-weight: 400;\">En algunos casos, las cookies de terceras empresas tambi\u00e9n pueden almacenarse en su dispositivo terminal cuando entra en nuestro sitio (cookies de terceros). \u00c9stas nos permiten a nosotros o a usted utilizar determinados servicios de la tercera empresa (por ejemplo, cookies para procesar servicios de pago).<\/p>\n<p style=\"font-weight: 400;\">Las cookies tienen varias funciones. Muchas cookies son t\u00e9cnicamente necesarias, ya que algunas funciones del sitio web no funcionar\u00edan sin ellas (por ejemplo, la funci\u00f3n de cesta de la compra o la visualizaci\u00f3n de v\u00eddeos). Otras cookies se utilizan para evaluar el comportamiento de los usuarios o para mostrar publicidad.<\/p>\n<p style=\"font-weight: 400;\">Las cookies que son necesarias para llevar a cabo el proceso de comunicaci\u00f3n electr\u00f3nica, para proporcionar ciertas funciones deseadas por usted (por ejemplo, para la funci\u00f3n de la cesta de la compra) o para optimizar el sitio web (por ejemplo, cookies para medir la audiencia de la web) (cookies necesarias) se almacenan sobre la base del Art. 6 p\u00e1rrafo 1 lit. f DSGVO, a menos que se especifique otra base legal. El operador del sitio web tiene un inter\u00e9s leg\u00edtimo en almacenar las cookies necesarias para la prestaci\u00f3n de sus servicios de forma t\u00e9cnicamente libre de errores y optimizada. Si se ha solicitado el consentimiento para el almacenamiento de cookies y tecnolog\u00edas de reconocimiento comparables, el procesamiento se lleva a cabo exclusivamente sobre la base de este consentimiento (art. 6, p\u00e1rr. 1 lit. a DSGVO y art. 25, p\u00e1rr. 1 TTDSG); el consentimiento puede ser revocado en cualquier momento.<\/p>\n<p style=\"font-weight: 400;\">Puede configurar su navegador para que se le informe sobre la instalaci\u00f3n de cookies y permitirlas s\u00f3lo en casos individuales, excluir la aceptaci\u00f3n de cookies para determinados casos o en general y activar la eliminaci\u00f3n autom\u00e1tica de cookies al cerrar el navegador.<\/p>\n<p style=\"font-weight: 400;\">Si desactiva las cookies, la funcionalidad de este sitio web puede verse limitada.<\/p>\n<p style=\"font-weight: 400;\">Si las cookies son utilizadas por terceras empresas o con fines de an\u00e1lisis, le informaremos de ello por separado en el marco de esta declaraci\u00f3n de protecci\u00f3n de datos y, en su caso, le solicitaremos su consentimiento.<\/p>\n<p style=\"font-weight: 400;\"><strong>Archivos de registro del servidor<\/strong><\/p>\n<p style=\"font-weight: 400;\">El proveedor de las p\u00e1ginas recoge y almacena autom\u00e1ticamente informaci\u00f3n en los llamados archivos de registro del servidor, que su navegador nos transmite autom\u00e1ticamente. Estos son:<\/p>\n<ul>\n<li>tipo y versi\u00f3n del navegador<\/li>\n<li style=\"font-weight: 400;\">Sistema operativo utilizado<\/li>\n<li style=\"font-weight: 400;\">URL de referencia<\/li>\n<li style=\"font-weight: 400;\">Nombre del host del ordenador de acceso<\/li>\n<li style=\"font-weight: 400;\">Hora de la solicitud del servidor<\/li>\n<li style=\"font-weight: 400;\">Direcci\u00f3n IP<\/li>\n<\/ul>\n<p style=\"font-weight: 400;\">Estos datos no se fusionan con otras fuentes de datos.<\/p>\n<p style=\"font-weight: 400;\">La recopilaci\u00f3n de estos datos se basa en el art\u00edculo 6, apartado 1, letra f de la DSGVO. El operador del sitio web tiene un inter\u00e9s leg\u00edtimo en la presentaci\u00f3n t\u00e9cnicamente libre de errores y en la optimizaci\u00f3n de su sitio web &#8211; para este prop\u00f3sito, los archivos de registro del servidor deben ser recogidos.<\/p>\n<p style=\"font-weight: 400;\"><strong>Consulta por correo electr\u00f3nico, tel\u00e9fono o fax<\/strong><\/p>\n<p style=\"font-weight: 400;\">Si se pone en contacto con nosotros por correo electr\u00f3nico, tel\u00e9fono o fax, su consulta, incluidos todos los datos personales que se deriven de ella (nombre, consulta), ser\u00e1 almacenada y procesada por nosotros con el fin de tramitar su solicitud. No transmitimos estos datos sin su consentimiento.<\/p>\n<p style=\"font-weight: 400;\">El tratamiento de estos datos se basa en el art. 6 (1) lit. b DSGVO si su solicitud est\u00e1 relacionada con la ejecuci\u00f3n de un contrato o es necesaria para la aplicaci\u00f3n de medidas precontractuales. En todos los dem\u00e1s casos, el tratamiento se basa en nuestro inter\u00e9s leg\u00edtimo en la tramitaci\u00f3n efectiva de las consultas dirigidas a nosotros (art. 6 (1) (f) DSGVO) o en su consentimiento (art. 6 (1) (a) DSGVO) si se ha solicitado; el consentimiento puede ser revocado en cualquier momento.<\/p>\n<p style=\"font-weight: 400;\">Los datos que nos env\u00ede a trav\u00e9s de las solicitudes de contacto permanecer\u00e1n con nosotros hasta que nos pida que los eliminemos, revoque su consentimiento para almacenarlos o el prop\u00f3sito de almacenar los datos ya no sea aplicable (por ejemplo, despu\u00e9s de que se haya procesado su solicitud). Las disposiciones legales obligatorias -en particular los periodos de conservaci\u00f3n legales- no se ven afectadas.<\/p>\n","protected":false},"excerpt":{"rendered":"<p>1. La Protecci\u00f3n de Datos en un vistazo Informaci\u00f3n general La siguiente informaci\u00f3n ofrece una visi\u00f3n general de lo que ocurre con sus datos personales cuando visita este sitio web. Los datos personales son cualquier dato por el que se le pueda identificar personalmente. Para obtener informaci\u00f3n m\u00e1s detallada sobre la protecci\u00f3n de datos, consulte&hellip;<\/p>\n","protected":false},"author":2,"featured_media":0,"parent":0,"menu_order":0,"comment_status":"closed","ping_status":"open","template":"","meta":{"footnotes":""},"class_list":["post-1648","page","type-page","status-publish","hentry","description-off"],"_links":{"self":[{"href":"https:\/\/www.kristinvalverde.de\/es\/wp-json\/wp\/v2\/pages\/1648","targetHints":{"allow":["GET"]}}],"collection":[{"href":"https:\/\/www.kristinvalverde.de\/es\/wp-json\/wp\/v2\/pages"}],"about":[{"href":"https:\/\/www.kristinvalverde.de\/es\/wp-json\/wp\/v2\/types\/page"}],"author":[{"embeddable":true,"href":"https:\/\/www.kristinvalverde.de\/es\/wp-json\/wp\/v2\/users\/2"}],"replies":[{"embeddable":true,"href":"https:\/\/www.kristinvalverde.de\/es\/wp-json\/wp\/v2\/comments?post=1648"}],"version-history":[{"count":4,"href":"https:\/\/www.kristinvalverde.de\/es\/wp-json\/wp\/v2\/pages\/1648\/revisions"}],"predecessor-version":[{"id":1703,"href":"https:\/\/www.kristinvalverde.de\/es\/wp-json\/wp\/v2\/pages\/1648\/revisions\/1703"}],"wp:attachment":[{"href":"https:\/\/www.kristinvalverde.de\/es\/wp-json\/wp\/v2\/media?parent=1648"}],"curies":[{"name":"wp","href":"https:\/\/api.w.org\/{rel}","templated":true}]}}